{"id":15687,"date":"2024-01-08T08:53:04","date_gmt":"2024-01-08T08:53:04","guid":{"rendered":"https:\/\/luxelifegroup.az\/?page_id=15687"},"modified":"2026-04-09T06:03:23","modified_gmt":"2026-04-09T06:03:23","slug":"xidmetler","status":"publish","type":"page","link":"https:\/\/kirby.com.az\/index.php\/xidmetler\/","title":{"rendered":"Xidm\u0259tl\u0259r"},"content":{"rendered":"\t\t<div data-elementor-type=\"wp-page\" data-elementor-id=\"15687\" class=\"elementor elementor-15687\">\n\t\t\t\t<div class=\"elementor-element elementor-element-298b2c8 e-flex e-con-boxed e-con e-parent\" data-id=\"298b2c8\" data-element_type=\"container\">\n\t\t\t\t\t<div class=\"e-con-inner\">\n\t\t\t\t<div class=\"elementor-element elementor-element-58debf6 wd-width-100 elementor-widget elementor-widget-wd_title\" data-id=\"58debf6\" data-element_type=\"widget\" data-widget_type=\"wd_title.default\">\n\t\t\t\t<div class=\"elementor-widget-container\">\n\t\t\t\t\t\t\t<div class=\"title-wrapper set-mb-s reset-last-child wd-title-color-default wd-title-style-default wd-title-size-default text-center\">\n\n\t\t\t\n\t\t\t<div class=\"liner-continer\">\n\t\t\t\t<h4 class=\"woodmart-title-container title wd-fontsize-l\">K\u0130RBY \u00dcST\u00dcNL\u00dcKL\u018fR\u0130<\/h4> \n\t\t\t\t\t\t\t<\/div>\n\n\t\t\t\t\t\t\t<div class=\"title-after_title set-cont-mb-s reset-last-child wd-fontsize-xs\">\n\t\t\t\t\t<p>Kirby tozsoranlar\u0131 \u00fcst\u00fcnl\u00fckl\u0259rin\u0259 v\u0259 keyfiyy\u0259tin\u0259 g\u00f6r\u0259 dig\u0259r tozsoranlardan f\u0259rql\u0259nir.\u00a0<br \/><br \/><span style=\"color: #ff0000\"><strong>\u00d6m\u00fcrl\u00fck pulsuz xidm\u0259t, cihaz\u0131n d\u00fczg\u00fcn istifad\u0259 qaydalar\u0131, qura\u015fd\u0131r\u0131lmas\u0131 v\u0259 h\u0259r bir funksiyas\u0131n\u0131n \u0259trafl\u0131 \u015f\u0259kild\u0259 izah olunaraq \u00f6yr\u0259dilm\u0259si.<\/strong><\/span><\/p>\t\t\t\t<\/div>\n\t\t\t\t\t<\/div>\n\t\t\t\t\t\t<\/div>\n\t\t\t\t<\/div>\n\t\t\t\t\t<\/div>\n\t\t\t\t<\/div>\n\t\t<div class=\"elementor-element elementor-element-bad4e66 e-flex e-con-boxed e-con e-parent\" data-id=\"bad4e66\" data-element_type=\"container\">\n\t\t\t\t\t<div class=\"e-con-inner\">\n\t\t\t\t<div class=\"elementor-element elementor-element-a2d44a9 elementor-widget elementor-widget-spacer\" data-id=\"a2d44a9\" data-element_type=\"widget\" data-widget_type=\"spacer.default\">\n\t\t\t\t<div class=\"elementor-widget-container\">\n\t\t\t\t\t\t\t<div class=\"elementor-spacer\">\n\t\t\t<div class=\"elementor-spacer-inner\"><\/div>\n\t\t<\/div>\n\t\t\t\t\t\t<\/div>\n\t\t\t\t<\/div>\n\t\t\t\t\t<\/div>\n\t\t\t\t<\/div>\n\t\t<div class=\"elementor-element elementor-element-3d679f0 e-flex e-con-boxed e-con e-parent\" data-id=\"3d679f0\" data-element_type=\"container\">\n\t\t\t\t\t<div class=\"e-con-inner\">\n\t\t<div class=\"elementor-element elementor-element-deec03a e-con-full e-flex e-con e-child\" data-id=\"deec03a\" data-element_type=\"container\">\n\t\t\t\t<div class=\"elementor-element elementor-element-335ac86 elementor-widget elementor-widget-wd_infobox\" data-id=\"335ac86\" data-element_type=\"widget\" data-widget_type=\"wd_infobox.default\">\n\t\t\t\t<div class=\"elementor-widget-container\">\n\t\t\t\t\t\t\t<div class=\"info-box-wrapper\">\n\t\t\t<div class=\"wd-info-box text-center box-icon-align-top box-style-base color-scheme-\">\n\t\t\t\t\t\t\t\t\t<div class=\"box-icon-wrapper  box-with-text text-size-small box-icon-simple\">\n\t\t\t\t\t\t<div class=\"info-box-icon\">\n\t\t\t\t\t\t\t\t\t\t\t\t\t\t\t1\t\t\t\t\t\t\t\t\t\t\t\t\t<\/div>\n\t\t\t\t\t<\/div>\n\t\t\t\t\n\t\t\t\t<div class=\"info-box-content\">\n\t\t\t\t\t\n\t\t\t\t\t\t\t\t\t\t\t<h4\t\t\t\t\t\tclass=\"info-box-title title box-title-style-default wd-fontsize-m\" data-elementor-setting-key=\"title\">\n\t\t\t\t\t\t\t\tT\u0259mizlik\t\t\t\t\t\t<\/h4>\n\t\t\t\t\t\n\t\t\t\t\t<div class=\"info-box-inner set-cont-mb-s reset-last-child\"data-elementor-setting-key=\"content\"><p>Y\u00fcks\u0259k vakuum t\u0259mizl\u0259yicisi olan Kirby tozsoranlar\u0131 evinizi 100 % t\u0259mizl\u0259yir<\/p>\n<\/div>\n\n\t\t\t\t\t\t\t\t\t<\/div>\n\n\t\t\t\t\t\t\t\t\t<a href=\"#\" class=\"wd-info-box-link wd-fill\" aria-label=\"Infobox link\"><\/a>\n\t\t\t\t\t\t\t<\/div>\n\t\t<\/div>\n\t\t\t\t\t\t<\/div>\n\t\t\t\t<\/div>\n\t\t\t\t<\/div>\n\t\t<div class=\"elementor-element elementor-element-21b9c98 e-con-full e-flex e-con e-child\" data-id=\"21b9c98\" data-element_type=\"container\">\n\t\t\t\t<div class=\"elementor-element elementor-element-1b123b1 elementor-widget elementor-widget-wd_infobox\" data-id=\"1b123b1\" data-element_type=\"widget\" data-widget_type=\"wd_infobox.default\">\n\t\t\t\t<div class=\"elementor-widget-container\">\n\t\t\t\t\t\t\t<div class=\"info-box-wrapper\">\n\t\t\t<div class=\"wd-info-box text-center box-icon-align-top box-style-base color-scheme-\">\n\t\t\t\t\t\t\t\t\t<div class=\"box-icon-wrapper  box-with-text text-size-small box-icon-simple\">\n\t\t\t\t\t\t<div class=\"info-box-icon\">\n\t\t\t\t\t\t\t\t\t\t\t\t\t\t\t2\t\t\t\t\t\t\t\t\t\t\t\t\t<\/div>\n\t\t\t\t\t<\/div>\n\t\t\t\t\n\t\t\t\t<div class=\"info-box-content\">\n\t\t\t\t\t\n\t\t\t\t\t\t\t\t\t\t\t<h4\t\t\t\t\t\tclass=\"info-box-title title box-title-style-default wd-fontsize-m\" data-elementor-setting-key=\"title\">\n\t\t\t\t\t\t\t\tCanl\u0131 D\u0259st\u0259k\t\t\t\t\t\t<\/h4>\n\t\t\t\t\t\n\t\t\t\t\t<div class=\"info-box-inner set-cont-mb-s reset-last-child\"data-elementor-setting-key=\"content\"><p>7\/24 sizin xidm\u0259tinizd\u0259yik. Suallar\u0131n\u0131z\u0131 biz\u0259 g\u00f6nd\u0259r\u0259 bil\u0259rsiz.<\/p>\n<\/div>\n\n\t\t\t\t\t\t\t\t\t<\/div>\n\n\t\t\t\t\t\t\t\t\t<a href=\"#\" class=\"wd-info-box-link wd-fill\" aria-label=\"Infobox link\"><\/a>\n\t\t\t\t\t\t\t<\/div>\n\t\t<\/div>\n\t\t\t\t\t\t<\/div>\n\t\t\t\t<\/div>\n\t\t\t\t<\/div>\n\t\t<div class=\"elementor-element elementor-element-bed2fe8 e-con-full e-flex e-con e-child\" data-id=\"bed2fe8\" data-element_type=\"container\">\n\t\t\t\t<div class=\"elementor-element elementor-element-8a57075 elementor-widget elementor-widget-wd_infobox\" data-id=\"8a57075\" data-element_type=\"widget\" data-widget_type=\"wd_infobox.default\">\n\t\t\t\t<div class=\"elementor-widget-container\">\n\t\t\t\t\t\t\t<div class=\"info-box-wrapper\">\n\t\t\t<div class=\"wd-info-box text-center box-icon-align-top box-style-base color-scheme-\">\n\t\t\t\t\t\t\t\t\t<div class=\"box-icon-wrapper  box-with-text text-size-small box-icon-simple\">\n\t\t\t\t\t\t<div class=\"info-box-icon\">\n\t\t\t\t\t\t\t\t\t\t\t\t\t\t\t3\t\t\t\t\t\t\t\t\t\t\t\t\t<\/div>\n\t\t\t\t\t<\/div>\n\t\t\t\t\n\t\t\t\t<div class=\"info-box-content\">\n\t\t\t\t\t\n\t\t\t\t\t\t\t\t\t\t\t<h4\t\t\t\t\t\tclass=\"info-box-title title box-title-style-default wd-fontsize-m\" data-elementor-setting-key=\"title\">\n\t\t\t\t\t\t\t\tSifari\u015f\t\t\t\t\t\t<\/h4>\n\t\t\t\t\t\n\t\t\t\t\t<div class=\"info-box-inner set-cont-mb-s reset-last-child\"data-elementor-setting-key=\"content\"><p>\u0130st\u0259diyiniz Kirby m\u0259hsulunu r\u0259smi sayt\u0131m\u0131zdan biz\u0259 sifari\u015f ed\u0259 bil\u0259rsiniz.\u00a0<\/p>\n<h6>\u00a0<\/h6>\n<\/div>\n\n\t\t\t\t\t\t\t\t\t<\/div>\n\n\t\t\t\t\t\t\t\t\t<a href=\"#\" class=\"wd-info-box-link wd-fill\" aria-label=\"Infobox link\"><\/a>\n\t\t\t\t\t\t\t<\/div>\n\t\t<\/div>\n\t\t\t\t\t\t<\/div>\n\t\t\t\t<\/div>\n\t\t\t\t<\/div>\n\t\t\t\t\t<\/div>\n\t\t\t\t<\/div>\n\t\t<div class=\"elementor-element elementor-element-a7fdf83 e-flex e-con-boxed e-con e-parent\" data-id=\"a7fdf83\" data-element_type=\"container\">\n\t\t\t\t\t<div class=\"e-con-inner\">\n\t\t\t\t<div class=\"elementor-element elementor-element-3fc31e7 elementor-widget elementor-widget-spacer\" data-id=\"3fc31e7\" data-element_type=\"widget\" data-widget_type=\"spacer.default\">\n\t\t\t\t<div class=\"elementor-widget-container\">\n\t\t\t\t\t\t\t<div class=\"elementor-spacer\">\n\t\t\t<div class=\"elementor-spacer-inner\"><\/div>\n\t\t<\/div>\n\t\t\t\t\t\t<\/div>\n\t\t\t\t<\/div>\n\t\t\t\t\t<\/div>\n\t\t\t\t<\/div>\n\t\t\t\t<\/div>\n\t\t","protected":false},"excerpt":{"rendered":"<p>K\u0130RBY \u00dcST\u00dcNL\u00dcKL\u018fR\u0130 Kirby tozsoranlar\u0131 \u00fcst\u00fcnl\u00fckl\u0259rin\u0259 v\u0259 keyfiyy\u0259tin\u0259 g\u00f6r\u0259 dig\u0259r tozsoranlardan f\u0259rql\u0259nir.\u00a0 \u00d6m\u00fcrl\u00fck pulsuz xidm\u0259t, cihaz\u0131n d\u00fczg\u00fcn istifad\u0259 qaydalar\u0131, qura\u015fd\u0131r\u0131lmas\u0131 v\u0259<\/p>\n","protected":false},"author":1,"featured_media":0,"parent":0,"menu_order":0,"comment_status":"closed","ping_status":"closed","template":"","meta":{"footnotes":""},"class_list":["post-15687","page","type-page","status-publish","hentry"],"_links":{"self":[{"href":"https:\/\/kirby.com.az\/index.php\/wp-json\/wp\/v2\/pages\/15687","targetHints":{"allow":["GET"]}}],"collection":[{"href":"https:\/\/kirby.com.az\/index.php\/wp-json\/wp\/v2\/pages"}],"about":[{"href":"https:\/\/kirby.com.az\/index.php\/wp-json\/wp\/v2\/types\/page"}],"author":[{"embeddable":true,"href":"https:\/\/kirby.com.az\/index.php\/wp-json\/wp\/v2\/users\/1"}],"replies":[{"embeddable":true,"href":"https:\/\/kirby.com.az\/index.php\/wp-json\/wp\/v2\/comments?post=15687"}],"version-history":[{"count":41,"href":"https:\/\/kirby.com.az\/index.php\/wp-json\/wp\/v2\/pages\/15687\/revisions"}],"predecessor-version":[{"id":16569,"href":"https:\/\/kirby.com.az\/index.php\/wp-json\/wp\/v2\/pages\/15687\/revisions\/16569"}],"wp:attachment":[{"href":"https:\/\/kirby.com.az\/index.php\/wp-json\/wp\/v2\/media?parent=15687"}],"curies":[{"name":"wp","href":"https:\/\/api.w.org\/{rel}","templated":true}]}}