{"id":4400,"date":"2021-10-12T15:51:09","date_gmt":"2021-10-12T15:51:09","guid":{"rendered":"http:\/\/dummy.xtemos.com\/woodmart2\/elementor\/?page_id=4400"},"modified":"2024-01-08T07:03:26","modified_gmt":"2024-01-08T07:03:26","slug":"haqqimizda","status":"publish","type":"page","link":"https:\/\/kirby.com.az\/index.php\/haqqimizda\/","title":{"rendered":"Haqq\u0131m\u0131zda"},"content":{"rendered":"\t\t<div data-elementor-type=\"wp-page\" data-elementor-id=\"4400\" class=\"elementor elementor-4400\">\n\t\t\t\t<div class=\"elementor-element elementor-element-8ce31eb e-flex e-con-boxed e-con e-parent\" data-id=\"8ce31eb\" data-element_type=\"container\">\n\t\t\t\t\t<div class=\"e-con-inner\">\n\t\t\t\t<div class=\"elementor-element elementor-element-9b318ba elementor-widget__width-initial wd-width-100 elementor-widget elementor-widget-wd_title\" data-id=\"9b318ba\" data-element_type=\"widget\" data-widget_type=\"wd_title.default\">\n\t\t\t\t<div class=\"elementor-widget-container\">\n\t\t\t\t\t\t\t<div class=\"title-wrapper set-mb-s reset-last-child wd-title-color-primary wd-title-style-default wd-title-size-large text-center\">\n\n\t\t\t\t\t\t\t<div class=\"title-subtitle subtitle-color-primary subtitle-style-default wd-fontsize-xs\">\n\t\t\t\t\tLUXE LIFE GROUP\t\t\t\t<\/div>\n\t\t\t\n\t\t\t<div class=\"liner-continer\">\n\t\t\t\t<h4 class=\"woodmart-title-container title wd-fontsize-xxl\">Haqq\u0131m\u0131zda<\/h4> \n\t\t\t\t\t\t\t<\/div>\n\n\t\t\t\t\t<\/div>\n\t\t\t\t\t\t<\/div>\n\t\t\t\t<\/div>\n\t\t\t\t<div class=\"elementor-element elementor-element-07de0d9 elementor-widget elementor-widget-spacer\" data-id=\"07de0d9\" data-element_type=\"widget\" data-widget_type=\"spacer.default\">\n\t\t\t\t<div class=\"elementor-widget-container\">\n\t\t\t\t\t\t\t<div class=\"elementor-spacer\">\n\t\t\t<div class=\"elementor-spacer-inner\"><\/div>\n\t\t<\/div>\n\t\t\t\t\t\t<\/div>\n\t\t\t\t<\/div>\n\t\t\t\t\t<\/div>\n\t\t\t\t<\/div>\n\t\t<div class=\"elementor-element elementor-element-f9b1d94 e-flex e-con-boxed e-con e-parent\" data-id=\"f9b1d94\" data-element_type=\"container\">\n\t\t\t\t\t<div class=\"e-con-inner\">\n\t\t\t\t<div class=\"elementor-element elementor-element-6861aa6 elementor-widget elementor-widget-wd_text_block\" data-id=\"6861aa6\" data-element_type=\"widget\" data-widget_type=\"wd_text_block.default\">\n\t\t\t\t<div class=\"elementor-widget-container\">\n\t\t\t\t\t\t\t<div class=\"wd-text-block reset-last-child text-center\">\n\t\t\t\n\t\t\t<p>\u00a0D\u00fcnya \u015f\u00f6hr\u0259tli\u00a0<strong>KIRBY\u00a0<\/strong>kompaniyas\u0131n\u0131n ad\u0131 bilavasit\u0259 onun ixtira\u00e7\u0131s\u0131 amerikal\u0131 m\u00fch\u0259ndis\u00a0<strong>Ceyms Kirbi<\/strong>\u00a0il\u0259 ba\u011fl\u0131d\u0131r. B\u00fct\u00fcn \u00f6mr\u00fcn\u00fc m\u0259i\u015f\u0259t texnikas\u0131 sah\u0259sind\u0259 k\u0259\u015ffl\u0259r\u0259 h\u0259sr etmi\u015f C.Kirbi\u00a0<strong>1906-c\u0131<\/strong>\u00a0ild\u0259 onun ad\u0131n\u0131 g\u0259l\u0259c\u0259kd\u0259 b\u00fct\u00fcn d\u00fcnyaya tan\u0131dacaq aparat\u0131n \u0259sas\u0131n\u0131 qoydu.T\u0259mizlik avadanl\u0131qlar\u0131 sinfinin ilk n\u00fcmay\u0259nd\u0259si hesab olunan bu cihaz m\u00fct\u0259x\u0259ssis t\u0259r\u0259find\u0259n t\u0259kmill\u0259\u015fdiril\u0259r\u0259k, \u00f6z ilkin formas\u0131n\u0131 tapd\u0131.<\/p><p>\u00a0 \u00a0 \u00a0\u00a0Ancaq\u00a0<strong>1935-ci<\/strong>\u00a0<strong>ild\u0259<\/strong>\u00a0C.Kirbi m\u00fc\u0259llif ixtiras\u0131n\u0131n onun ad\u0131n\u0131 da\u015f\u0131mas\u0131na raz\u0131l\u0131q verdi. Bundan sonra\u00a0<strong>KIRBY<\/strong>\u00a0<strong>bir brend olaraq<\/strong>\u00a0m\u00fcst\u0259qil, \u00e7ox u\u011furlu inki\u015faf yoluna q\u0259d\u0259m qoydu.<\/p><p>\u00a0 \u00a0 \u00a0Cyems Kirbi daim axtar\u0131\u015fda idi. Onun bu x\u00fcsusiyy\u0259ti bu g\u00fcn d\u0259 onun s\u0259l\u0259fl\u0259ri t\u0259r\u0259find\u0259n davam etdirilm\u0259kd\u0259dir. Bunun n\u0259tic\u0259sidir ki, bu g\u00fcn istifad\u0259niz\u0259 veril\u0259n\u00a0<strong>KIRBY Sentria 24-c\u00fc n\u0259slin<\/strong>\u00a0n\u00fcmay\u0259nd\u0259sidir. Amerika Birl\u0259\u015fmim \u015etatlar\u0131nda \u015f\u00f6hr\u0259ti b\u00f6y\u00fck s\u00fcr\u0259tl\u0259 yay\u0131lan\u00a0<strong>KIRBY<\/strong>\u00a0q\u0131sa zaman \u0259rzind\u0259 \u00f6z v\u0259t\u0259ninin s\u0259rh\u0259dl\u0259rini a\u015faraq b\u00fct\u00fcn d\u00fcnyaya yay\u0131lma\u011fa ba\u015flad\u0131. Haz\u0131rda\u00a0<strong>KIRBY<\/strong>\u00a0kompanyas\u0131n\u0131n r\u0259smi n\u00fcmay\u0259nd\u0259likl\u0259ri d\u00fcnyan\u0131n\u00a0<strong>100-d\u0259n art\u0131q \u00f6lk\u0259sind\u0259<\/strong>, o c\u00fcml\u0259d\u0259n\u00a0 d\u0259 Az\u0259rbaycanda f\u0259aliyy\u0259t g\u00f6st\u0259rm\u0259kd\u0259dir.\u00a0<\/p><p>\u00a0 \u00a0 \u00a0\u00d6lk\u0259mizd\u0259 kompanyan\u0131n r\u0259smi n\u00fcmay\u0259nd\u0259lik h\u00fcquqlar\u0131\u00a0<strong>\"LUXE LIFE GROUP\"<\/strong><em><u>\u015f<\/u><\/em>irk\u0259tin\u0259 aiddir. T\u0259m\u0259li\u00a0<strong>2006-c\u0131 ild\u0259<\/strong>\u00a0qoyulan \u015firk\u0259timizin f\u0259aliyy\u0259t dair\u0259si\u00a0<strong>KIRBY<\/strong>\u00a0avadanl\u0131qlar\u0131n\u0131n realizasiyas\u0131, z\u0259man\u0259ti, servis xidm\u0259ti, texniki d\u0259st\u0259k\u00a0 v\u0259 sor\u011fu-informasiya t\u0259minat\u0131n\u0131 \u0259hat\u0259 edir.<\/p><p>\u00a0 \u00a0 \u00a0\u0130lk add\u0131mlar\u0131m\u0131z\u0131 atd\u0131\u011f\u0131m\u0131z d\u00f6vrd\u0259 \u015firk\u0259timiz onlarla ail\u0259y\u0259 xidm\u0259t g\u00f6st\u0259rm\u0259yin h\u0259y\u0259can\u0131 i\u00e7ind\u0131 idi. Bu g\u00fcn biz\u00a0<strong>minl\u0259rl\u0259 v\u0259t\u0259nda\u015f\u0131m\u0131za<\/strong>\u00a0xidm\u0259t g\u00f6st\u0259rm\u0259yin q\u00fcrurunu ya\u015fay\u0131r\u0131q.<\/p><p>\u00a0 \u00a0 \u00a0Bu g\u00fcn\u00a0<strong>KIRBY<\/strong>\u00a0t\u0259mizl\u0259yici m\u0259i\u015f\u0259t texnikalar\u0131 aras\u0131nda \u0259n m\u00fck\u0259mm\u0259lidir. Bu avadanl\u0131q t\u0259kc\u0259 sizin evinizin t\u0259mizliyinin deyil, h\u0259m d\u0259 onun\u00a0<strong>ekoloji<\/strong>\u00a0<strong>durumunun<\/strong>\u00a0yax\u015f\u0131la\u015fd\u0131r\u0131lmas\u0131na v\u0259 sizin\u00a0<strong>sa\u011flaml\u0131\u011f\u0131n\u0131z\u0131n qorunmas\u0131na<\/strong>\u00a0xidm\u0259t g\u00f6st\u0259rir.\u00a0<\/p><p>\u00a0 \u00a0 \u00a0M\u0259lum oldu\u011fu kimi,\u00a0<strong>ev tozlar\u0131<\/strong>\u00a0\u00f6zl\u0259rind\u0259 bir \u00e7ox\u00a0<strong>allergenl\u0259ri<\/strong>\u00a0c\u0259ml\u0259\u015fdirir. Bunlara\u00a0<strong>150 n\u00f6v<\/strong>\u00a0toz yataq g\u0259n\u0259si, o c\u00fcml\u0259d\u0259n\u00a0<strong>saprofitl\u0259r<\/strong>\u00a0daxildir. Statistikaya g\u00f6r\u0259, d\u00fcnya \u0259halisinin\u00a0<strong>10%-i<\/strong>\u00a0allergiyan\u0131n m\u00fcxt\u0259lif n\u00f6vl\u0259rind\u0259n \u0259ziyy\u0259t \u00e7\u0259kir. Ara\u015fd\u0131rmalar g\u00f6st\u0259rir ki, s\u00f6z\u00fcged\u0259n g\u00f6z\u0259g\u00f6r\u00fcnm\u0259z canl\u0131lar\u00a0<strong>allergik astma<\/strong>,\u00a0<strong>xroniki<\/strong>\u00a0<strong>tumov v\u0259 d\u0259ri x\u0259st\u0259likl\u0259rinin<\/strong>\u00a0yaranmas\u0131n\u0131n ba\u015fl\u0131ca s\u0259b\u0259bl\u0259ri say\u0131l\u0131rlar.<\/p><p>\u00a0 \u00a0 \u00a0Adi vasit\u0259l\u0259rl\u0259 onlardan qurtulmaq qeyri-m\u00fcmk\u00fcnd\u00fcr, yaln\u0131z\u00a0<strong>40-dan \u00e7ox\u00a0funksiyaya<\/strong>\u00a0malik\u00a0<strong>KIRBY<\/strong>\u00a0b\u00fct\u00fcn bu probleml\u0259rin \u00f6ht\u0259sind\u0259n g\u0259l\u0259 bilir. \u00c7\u00fcnki o havan\u0131 tozdan v\u0259 xo\u015fag\u0259lm\u0259z qoxulardan azad etm\u0259k, xal\u00e7alar\u0131 yuyub t\u0259mizl\u0259m\u0259kl\u0259 yana\u015f\u0131, d\u00f6\u015f\u0259k, yast\u0131q, yum\u015faq mebel v\u0259 dig\u0259r yataq d\u0259stl\u0259rini\u00a0<strong>50 sm<\/strong>\u00a0<strong>d\u0259rinliy\u0259<\/strong>\u00a0q\u0259d\u0259r t\u0259mizl\u0259m\u0259k g\u00fcc\u00fcn\u0259 malikdir.<\/p>\n\t\t\t\t\t<\/div>\n\t\t\t\t\t\t<\/div>\n\t\t\t\t<\/div>\n\t\t\t\t<div class=\"elementor-element elementor-element-0a00bcc elementor-widget elementor-widget-wd_text_block\" data-id=\"0a00bcc\" data-element_type=\"widget\" data-widget_type=\"wd_text_block.default\">\n\t\t\t\t<div class=\"elementor-widget-container\">\n\t\t\t\t\t\t\t<div class=\"wd-text-block reset-last-child text-center\">\n\t\t\t\n\t\t\t<p><strong>SERV\u0130S \u015e\u00d6B\u018fS\u0130<\/strong><\/p><p>\u00a0 \u00a0 \u00a0F\u0259aliyy\u0259t\u0259 ba\u015flayark\u0259n biz v\u0259t\u0259nda\u015flar\u0131m\u0131za y\u00fcks\u0259k s\u0259viyy\u0259d\u0259 xidm\u0259t g\u00f6st\u0259rm\u0259k \u00fc\u00e7\u00fcn \u015firk\u0259timizin n\u0259zdind\u0259 bir s\u0131ra\u00a0<strong>departament v\u0259 \u015f\u00f6b\u0259l\u0259ri<\/strong>\u00a0t\u0259sis etdik. \u018fsas m\u0259qs\u0259dl\u0259rd\u0259n biri m\u00fc\u015ft\u0259ril\u0259rimiz\u0259 y\u00fcks\u0259k s\u0259viyy\u0259d\u0259 xidm\u0259t g\u00f6st\u0259rilm\u0259si v\u0259 onlar\u0131n m\u0259mnuniyy\u0259tinin qazan\u0131lmas\u0131 idi. Bunun n\u0259tic\u0259sidir ki, \u015firk\u0259timizin daxilind\u0259 t\u0259sis edil\u0259n ilk \u015f\u00f6b\u0259\u00a0<strong>servis \u015f\u00f6b\u0259si<\/strong>\u00a0oldu. \u0130lk g\u00fcnl\u0259r azsayl\u0131 i\u015f\u00e7i q\u00fcvv\u0259si il\u0259 f\u0259aliyy\u0259t g\u00f6st\u0259r\u0259n servis haz\u0131rda \u00f6z\u00fcnd\u0259 bir ne\u00e7\u0259 qolu birl\u0259\u015fdir\u0259n departamentdir.<\/p><p>\u00a0 \u00a0 \u00a0V\u0259t\u0259nda\u015flardan g\u0259l\u0259n z\u0259ngl\u0259r, t\u0259klif v\u0259 iradlar, t\u0259limat v\u0259 sifari\u015f m\u00fcraci\u0259tl\u0259ri\u00a0<strong>qaynar x\u0259t<\/strong>\u00a0operatorumuz t\u0259r\u0259find\u0259n q\u0259bul edilir v\u0259 v\u0259ziyy\u0259t\u0259 yerind\u0259 m\u00fcdaxil\u0259 olunur. Sifari\u015fl\u0259rin \u00fcnvan\u0131n\u0131za \u00e7atd\u0131r\u0131lmas\u0131, el\u0259c\u0259 d\u0259 t\u0259limatlar\u0131m\u0131z\u00a0<strong>pulsuzdur<\/strong>.<\/p><p><strong>KADIRLAR \u015e\u00d6B\u018fS\u0130<\/strong><\/p><p>\u00a0 \u00a0 \u00a0<strong>\"D\u00fczg\u00fcn kad\u0131r se\u00e7imi u\u011frun qarant\u0131d\u0131r\"<\/strong>\u00a0devizi il\u0259 i\u015fl\u0259y\u0259n kad\u0131rlar \u015f\u00f6b\u0259miz \u015firk\u0259tin inki\u015faf\u0131nda v\u0259 geni\u015fl\u0259nm\u0259sind\u0259 maraql\u0131d\u0131r. \u015eirk\u0259timiz kad\u0131rlar\u0131n t\u0259kmill\u0259\u015fdirilm\u0259si d\u0259 b\u00f6y\u00fck diqq\u0259t ay\u0131r\u0131r. \u0130l \u0259rzind\u0259 m\u00fcxt\u0259lif \u00f6lk\u0259l\u0259rd\u0259n d\u0259v\u0259t olunmu\u015f m\u00fct\u0259x\u0259ssisl\u0259rin i\u015ftirak\u0131 il\u0259 kurslar ke\u00e7rilir. Bununla yana\u015f\u0131 f\u0259all\u0131\u011f\u0131 il\u0259 se\u00e7il\u0259n \u0259m\u0259kda\u015flar\u0131m\u0131z\u00a0<strong>ixtisasart\u0131rma v\u0259 t\u0259kmill\u0259\u015fdirm\u0259<\/strong>\u00a0m\u0259qs\u0259di il\u0259\u00a0<strong>K\u0130RBY<\/strong>\u00a0ofisl\u0259ri f\u0259aliyy\u0259t g\u00f6st\u0259r\u0259n \u00f6lk\u0259l\u0259r\u0259 g\u00f6nd\u0259rilir.\u00a0<\/p><p>\u00a0 \u00a0 \u00a0\u0130\u015f\u00e7il\u0259rimiz \u00fc\u00e7\u00fcn m\u00fc\u0259yy\u0259n\u00a0<strong>h\u0259v\u0259sl\u0259ndirm\u0259 formalar\u0131<\/strong>\u00a0da n\u0259z\u0259rd\u0259 tutulub: bonuslar, xarici \u00f6lk\u0259l\u0259r\u0259 s\u0259yah\u0259tl\u0259r, diplomlarla t\u0259ltif\u00a0v\u0259 s. B\u00fct\u00fcn bunlar i\u015f\u00e7il\u0259rimizin daha s\u0259yl\u0259 \u00e7al\u0131\u015fmas\u0131 v\u0259 m\u00fc\u015ft\u0259ril\u0259rimiz\u0259 y\u00fcks\u0259k xidm\u0259t g\u00f6st\u0259rilm\u0259si \u00fc\u00e7\u00fcn b\u00f6y\u00fck stimul yarad\u0131r.\u00a0<\/p>\n\t\t\t\t\t<\/div>\n\t\t\t\t\t\t<\/div>\n\t\t\t\t<\/div>\n\t\t\t\t\t<\/div>\n\t\t\t\t<\/div>\n\t\t<div class=\"elementor-element elementor-element-9adb879 e-flex e-con-boxed e-con e-parent\" data-id=\"9adb879\" data-element_type=\"container\">\n\t\t\t\t\t<div class=\"e-con-inner\">\n\t\t\t\t<div class=\"elementor-element elementor-element-55afb1d elementor-widget elementor-widget-spacer\" data-id=\"55afb1d\" data-element_type=\"widget\" data-widget_type=\"spacer.default\">\n\t\t\t\t<div class=\"elementor-widget-container\">\n\t\t\t\t\t\t\t<div class=\"elementor-spacer\">\n\t\t\t<div class=\"elementor-spacer-inner\"><\/div>\n\t\t<\/div>\n\t\t\t\t\t\t<\/div>\n\t\t\t\t<\/div>\n\t\t\t\t\t<\/div>\n\t\t\t\t<\/div>\n\t\t\t\t<\/div>\n\t\t","protected":false},"excerpt":{"rendered":"<p>LUXE LIFE GROUP Haqq\u0131m\u0131zda \u00a0D\u00fcnya \u015f\u00f6hr\u0259tli\u00a0KIRBY\u00a0kompaniyas\u0131n\u0131n ad\u0131 bilavasit\u0259 onun ixtira\u00e7\u0131s\u0131 amerikal\u0131 m\u00fch\u0259ndis\u00a0Ceyms Kirbi\u00a0il\u0259 ba\u011fl\u0131d\u0131r. B\u00fct\u00fcn \u00f6mr\u00fcn\u00fc m\u0259i\u015f\u0259t texnikas\u0131 sah\u0259sind\u0259 k\u0259\u015ffl\u0259r\u0259<\/p>\n","protected":false},"author":1,"featured_media":0,"parent":0,"menu_order":0,"comment_status":"closed","ping_status":"closed","template":"","meta":{"footnotes":""},"class_list":["post-4400","page","type-page","status-publish","hentry"],"_links":{"self":[{"href":"https:\/\/kirby.com.az\/index.php\/wp-json\/wp\/v2\/pages\/4400","targetHints":{"allow":["GET"]}}],"collection":[{"href":"https:\/\/kirby.com.az\/index.php\/wp-json\/wp\/v2\/pages"}],"about":[{"href":"https:\/\/kirby.com.az\/index.php\/wp-json\/wp\/v2\/types\/page"}],"author":[{"embeddable":true,"href":"https:\/\/kirby.com.az\/index.php\/wp-json\/wp\/v2\/users\/1"}],"replies":[{"embeddable":true,"href":"https:\/\/kirby.com.az\/index.php\/wp-json\/wp\/v2\/comments?post=4400"}],"version-history":[{"count":25,"href":"https:\/\/kirby.com.az\/index.php\/wp-json\/wp\/v2\/pages\/4400\/revisions"}],"predecessor-version":[{"id":15628,"href":"https:\/\/kirby.com.az\/index.php\/wp-json\/wp\/v2\/pages\/4400\/revisions\/15628"}],"wp:attachment":[{"href":"https:\/\/kirby.com.az\/index.php\/wp-json\/wp\/v2\/media?parent=4400"}],"curies":[{"name":"wp","href":"https:\/\/api.w.org\/{rel}","templated":true}]}}