{"id":16052,"date":"2024-01-29T17:54:20","date_gmt":"2024-01-29T17:54:20","guid":{"rendered":"https:\/\/luxelifegroup.az\/?post_type=product&#038;p=16052"},"modified":"2026-04-09T05:47:30","modified_gmt":"2026-04-09T05:47:30","slug":"heyvan-sahibleri-ucun-universal-turbo-basliq","status":"publish","type":"product","link":"https:\/\/kirby.com.az\/index.php\/product\/heyvan-sahibleri-ucun-universal-turbo-basliq\/","title":{"rendered":"Heyvan sahibl\u0259ri \u00fc\u00e7\u00fcn universal turbo ba\u015fl\u0131q"},"content":{"rendered":"","protected":false},"excerpt":{"rendered":"","protected":false},"featured_media":16054,"comment_status":"closed","ping_status":"closed","template":"","meta":[],"product_cat":[76],"product_tag":[],"class_list":{"0":"post-16052","1":"product","2":"type-product","3":"status-publish","4":"has-post-thumbnail","6":"product_cat-ehtiyyat-hisseleri","8":"first","9":"instock","10":"shipping-taxable","11":"purchasable","12":"product-type-simple"},"_links":{"self":[{"href":"https:\/\/kirby.com.az\/index.php\/wp-json\/wp\/v2\/product\/16052","targetHints":{"allow":["GET"]}}],"collection":[{"href":"https:\/\/kirby.com.az\/index.php\/wp-json\/wp\/v2\/product"}],"about":[{"href":"https:\/\/kirby.com.az\/index.php\/wp-json\/wp\/v2\/types\/product"}],"replies":[{"embeddable":true,"href":"https:\/\/kirby.com.az\/index.php\/wp-json\/wp\/v2\/comments?post=16052"}],"version-history":[{"count":1,"href":"https:\/\/kirby.com.az\/index.php\/wp-json\/wp\/v2\/product\/16052\/revisions"}],"predecessor-version":[{"id":16055,"href":"https:\/\/kirby.com.az\/index.php\/wp-json\/wp\/v2\/product\/16052\/revisions\/16055"}],"wp:featuredmedia":[{"embeddable":true,"href":"https:\/\/kirby.com.az\/index.php\/wp-json\/wp\/v2\/media\/16054"}],"wp:attachment":[{"href":"https:\/\/kirby.com.az\/index.php\/wp-json\/wp\/v2\/media?parent=16052"}],"wp:term":[{"taxonomy":"product_cat","embeddable":true,"href":"https:\/\/kirby.com.az\/index.php\/wp-json\/wp\/v2\/product_cat?post=16052"},{"taxonomy":"product_tag","embeddable":true,"href":"https:\/\/kirby.com.az\/index.php\/wp-json\/wp\/v2\/product_tag?post=16052"}],"curies":[{"name":"wp","href":"https:\/\/api.w.org\/{rel}","templated":true}]}}