{"id":16119,"date":"2024-01-30T07:23:41","date_gmt":"2024-01-30T07:23:41","guid":{"rendered":"https:\/\/luxelifegroup.az\/?post_type=product&#038;p=16119"},"modified":"2024-01-31T20:35:16","modified_gmt":"2024-01-31T20:35:16","slug":"val","status":"publish","type":"product","link":"https:\/\/kirby.com.az\/index.php\/product\/val\/","title":{"rendered":"P\u0259r \u00fc\u00e7\u00fcn ox d\u0259sti"},"content":{"rendered":"","protected":false},"excerpt":{"rendered":"","protected":false},"featured_media":16120,"comment_status":"closed","ping_status":"closed","template":"","meta":[],"product_cat":[76],"product_tag":[],"class_list":{"0":"post-16119","1":"product","2":"type-product","3":"status-publish","4":"has-post-thumbnail","6":"product_cat-ehtiyyat-hisseleri","8":"first","9":"instock","10":"shipping-taxable","11":"purchasable","12":"product-type-simple"},"_links":{"self":[{"href":"https:\/\/kirby.com.az\/index.php\/wp-json\/wp\/v2\/product\/16119","targetHints":{"allow":["GET"]}}],"collection":[{"href":"https:\/\/kirby.com.az\/index.php\/wp-json\/wp\/v2\/product"}],"about":[{"href":"https:\/\/kirby.com.az\/index.php\/wp-json\/wp\/v2\/types\/product"}],"replies":[{"embeddable":true,"href":"https:\/\/kirby.com.az\/index.php\/wp-json\/wp\/v2\/comments?post=16119"}],"version-history":[{"count":2,"href":"https:\/\/kirby.com.az\/index.php\/wp-json\/wp\/v2\/product\/16119\/revisions"}],"predecessor-version":[{"id":16270,"href":"https:\/\/kirby.com.az\/index.php\/wp-json\/wp\/v2\/product\/16119\/revisions\/16270"}],"wp:featuredmedia":[{"embeddable":true,"href":"https:\/\/kirby.com.az\/index.php\/wp-json\/wp\/v2\/media\/16120"}],"wp:attachment":[{"href":"https:\/\/kirby.com.az\/index.php\/wp-json\/wp\/v2\/media?parent=16119"}],"wp:term":[{"taxonomy":"product_cat","embeddable":true,"href":"https:\/\/kirby.com.az\/index.php\/wp-json\/wp\/v2\/product_cat?post=16119"},{"taxonomy":"product_tag","embeddable":true,"href":"https:\/\/kirby.com.az\/index.php\/wp-json\/wp\/v2\/product_tag?post=16119"}],"curies":[{"name":"wp","href":"https:\/\/api.w.org\/{rel}","templated":true}]}}