{"id":16135,"date":"2024-01-30T07:28:51","date_gmt":"2024-01-30T07:28:51","guid":{"rendered":"https:\/\/luxelifegroup.az\/?post_type=product&#038;p=16135"},"modified":"2026-04-09T05:51:50","modified_gmt":"2026-04-09T05:51:50","slug":"elektrik-supurge-qosmasi-ucun-silikon-tekerler-destix4","status":"publish","type":"product","link":"https:\/\/kirby.com.az\/index.php\/product\/elektrik-supurge-qosmasi-ucun-silikon-tekerler-destix4\/","title":{"rendered":"Elektrik s\u00fcp\u00fcrg\u0259 qo\u015fmas\u0131 \u00fc\u00e7\u00fcn silikon t\u0259k\u0259rl\u0259r d\u0259sti(x4)"},"content":{"rendered":"","protected":false},"excerpt":{"rendered":"","protected":false},"featured_media":16136,"comment_status":"closed","ping_status":"closed","template":"","meta":[],"product_cat":[76],"product_tag":[],"class_list":{"0":"post-16135","1":"product","2":"type-product","3":"status-publish","4":"has-post-thumbnail","6":"product_cat-ehtiyyat-hisseleri","8":"first","9":"instock","10":"shipping-taxable","11":"purchasable","12":"product-type-simple"},"_links":{"self":[{"href":"https:\/\/kirby.com.az\/index.php\/wp-json\/wp\/v2\/product\/16135","targetHints":{"allow":["GET"]}}],"collection":[{"href":"https:\/\/kirby.com.az\/index.php\/wp-json\/wp\/v2\/product"}],"about":[{"href":"https:\/\/kirby.com.az\/index.php\/wp-json\/wp\/v2\/types\/product"}],"replies":[{"embeddable":true,"href":"https:\/\/kirby.com.az\/index.php\/wp-json\/wp\/v2\/comments?post=16135"}],"version-history":[{"count":2,"href":"https:\/\/kirby.com.az\/index.php\/wp-json\/wp\/v2\/product\/16135\/revisions"}],"predecessor-version":[{"id":16271,"href":"https:\/\/kirby.com.az\/index.php\/wp-json\/wp\/v2\/product\/16135\/revisions\/16271"}],"wp:featuredmedia":[{"embeddable":true,"href":"https:\/\/kirby.com.az\/index.php\/wp-json\/wp\/v2\/media\/16136"}],"wp:attachment":[{"href":"https:\/\/kirby.com.az\/index.php\/wp-json\/wp\/v2\/media?parent=16135"}],"wp:term":[{"taxonomy":"product_cat","embeddable":true,"href":"https:\/\/kirby.com.az\/index.php\/wp-json\/wp\/v2\/product_cat?post=16135"},{"taxonomy":"product_tag","embeddable":true,"href":"https:\/\/kirby.com.az\/index.php\/wp-json\/wp\/v2\/product_tag?post=16135"}],"curies":[{"name":"wp","href":"https:\/\/api.w.org\/{rel}","templated":true}]}}