{"id":16138,"date":"2024-01-30T07:30:51","date_gmt":"2024-01-30T07:30:51","guid":{"rendered":"https:\/\/luxelifegroup.az\/?post_type=product&#038;p=16138"},"modified":"2026-04-09T05:51:43","modified_gmt":"2026-04-09T05:51:43","slug":"at-sacindan-firca-desti-mistresss-dream","status":"publish","type":"product","link":"https:\/\/kirby.com.az\/index.php\/product\/at-sacindan-firca-desti-mistresss-dream\/","title":{"rendered":"At sa\u00e7\u0131ndan f\u0131r\u00e7a d\u0259sti \u201cMistress\u2019s Dream\u201d"},"content":{"rendered":"","protected":false},"excerpt":{"rendered":"","protected":false},"featured_media":16139,"comment_status":"open","ping_status":"closed","template":"","meta":[],"product_cat":[76],"product_tag":[],"class_list":{"0":"post-16138","1":"product","2":"type-product","3":"status-publish","4":"has-post-thumbnail","6":"product_cat-ehtiyyat-hisseleri","8":"first","9":"instock","10":"shipping-taxable","11":"purchasable","12":"product-type-simple"},"_links":{"self":[{"href":"https:\/\/kirby.com.az\/index.php\/wp-json\/wp\/v2\/product\/16138","targetHints":{"allow":["GET"]}}],"collection":[{"href":"https:\/\/kirby.com.az\/index.php\/wp-json\/wp\/v2\/product"}],"about":[{"href":"https:\/\/kirby.com.az\/index.php\/wp-json\/wp\/v2\/types\/product"}],"replies":[{"embeddable":true,"href":"https:\/\/kirby.com.az\/index.php\/wp-json\/wp\/v2\/comments?post=16138"}],"version-history":[{"count":1,"href":"https:\/\/kirby.com.az\/index.php\/wp-json\/wp\/v2\/product\/16138\/revisions"}],"predecessor-version":[{"id":16140,"href":"https:\/\/kirby.com.az\/index.php\/wp-json\/wp\/v2\/product\/16138\/revisions\/16140"}],"wp:featuredmedia":[{"embeddable":true,"href":"https:\/\/kirby.com.az\/index.php\/wp-json\/wp\/v2\/media\/16139"}],"wp:attachment":[{"href":"https:\/\/kirby.com.az\/index.php\/wp-json\/wp\/v2\/media?parent=16138"}],"wp:term":[{"taxonomy":"product_cat","embeddable":true,"href":"https:\/\/kirby.com.az\/index.php\/wp-json\/wp\/v2\/product_cat?post=16138"},{"taxonomy":"product_tag","embeddable":true,"href":"https:\/\/kirby.com.az\/index.php\/wp-json\/wp\/v2\/product_tag?post=16138"}],"curies":[{"name":"wp","href":"https:\/\/api.w.org\/{rel}","templated":true}]}}