{"id":16166,"date":"2024-01-30T07:48:10","date_gmt":"2024-01-30T07:48:10","guid":{"rendered":"https:\/\/luxelifegroup.az\/?post_type=product&#038;p=16166"},"modified":"2026-04-09T05:51:01","modified_gmt":"2026-04-09T05:51:01","slug":"massaj-ucun-dest","status":"publish","type":"product","link":"https:\/\/kirby.com.az\/index.php\/product\/massaj-ucun-dest\/","title":{"rendered":"Massaj \u00fc\u00e7\u00fcn d\u0259st"},"content":{"rendered":"","protected":false},"excerpt":{"rendered":"","protected":false},"featured_media":16167,"comment_status":"closed","ping_status":"closed","template":"","meta":[],"product_cat":[76],"product_tag":[],"class_list":{"0":"post-16166","1":"product","2":"type-product","3":"status-publish","4":"has-post-thumbnail","6":"product_cat-ehtiyyat-hisseleri","8":"first","9":"instock","10":"shipping-taxable","11":"purchasable","12":"product-type-simple"},"_links":{"self":[{"href":"https:\/\/kirby.com.az\/index.php\/wp-json\/wp\/v2\/product\/16166","targetHints":{"allow":["GET"]}}],"collection":[{"href":"https:\/\/kirby.com.az\/index.php\/wp-json\/wp\/v2\/product"}],"about":[{"href":"https:\/\/kirby.com.az\/index.php\/wp-json\/wp\/v2\/types\/product"}],"replies":[{"embeddable":true,"href":"https:\/\/kirby.com.az\/index.php\/wp-json\/wp\/v2\/comments?post=16166"}],"version-history":[{"count":1,"href":"https:\/\/kirby.com.az\/index.php\/wp-json\/wp\/v2\/product\/16166\/revisions"}],"predecessor-version":[{"id":16168,"href":"https:\/\/kirby.com.az\/index.php\/wp-json\/wp\/v2\/product\/16166\/revisions\/16168"}],"wp:featuredmedia":[{"embeddable":true,"href":"https:\/\/kirby.com.az\/index.php\/wp-json\/wp\/v2\/media\/16167"}],"wp:attachment":[{"href":"https:\/\/kirby.com.az\/index.php\/wp-json\/wp\/v2\/media?parent=16166"}],"wp:term":[{"taxonomy":"product_cat","embeddable":true,"href":"https:\/\/kirby.com.az\/index.php\/wp-json\/wp\/v2\/product_cat?post=16166"},{"taxonomy":"product_tag","embeddable":true,"href":"https:\/\/kirby.com.az\/index.php\/wp-json\/wp\/v2\/product_tag?post=16166"}],"curies":[{"name":"wp","href":"https:\/\/api.w.org\/{rel}","templated":true}]}}