{"id":16169,"date":"2024-01-30T07:48:51","date_gmt":"2024-01-30T07:48:51","guid":{"rendered":"https:\/\/luxelifegroup.az\/?post_type=product&#038;p=16169"},"modified":"2026-04-09T05:50:27","modified_gmt":"2026-04-09T05:50:27","slug":"portativ-kirby-tutacagi","status":"publish","type":"product","link":"https:\/\/kirby.com.az\/index.php\/product\/portativ-kirby-tutacagi\/","title":{"rendered":"Portativ KIRBY tuta\u00e7a\u011f\u0131"},"content":{"rendered":"","protected":false},"excerpt":{"rendered":"","protected":false},"featured_media":16170,"comment_status":"closed","ping_status":"closed","template":"","meta":[],"product_cat":[76],"product_tag":[],"class_list":{"0":"post-16169","1":"product","2":"type-product","3":"status-publish","4":"has-post-thumbnail","6":"product_cat-ehtiyyat-hisseleri","8":"first","9":"instock","10":"shipping-taxable","11":"purchasable","12":"product-type-simple"},"_links":{"self":[{"href":"https:\/\/kirby.com.az\/index.php\/wp-json\/wp\/v2\/product\/16169","targetHints":{"allow":["GET"]}}],"collection":[{"href":"https:\/\/kirby.com.az\/index.php\/wp-json\/wp\/v2\/product"}],"about":[{"href":"https:\/\/kirby.com.az\/index.php\/wp-json\/wp\/v2\/types\/product"}],"replies":[{"embeddable":true,"href":"https:\/\/kirby.com.az\/index.php\/wp-json\/wp\/v2\/comments?post=16169"}],"version-history":[{"count":2,"href":"https:\/\/kirby.com.az\/index.php\/wp-json\/wp\/v2\/product\/16169\/revisions"}],"predecessor-version":[{"id":16414,"href":"https:\/\/kirby.com.az\/index.php\/wp-json\/wp\/v2\/product\/16169\/revisions\/16414"}],"wp:featuredmedia":[{"embeddable":true,"href":"https:\/\/kirby.com.az\/index.php\/wp-json\/wp\/v2\/media\/16170"}],"wp:attachment":[{"href":"https:\/\/kirby.com.az\/index.php\/wp-json\/wp\/v2\/media?parent=16169"}],"wp:term":[{"taxonomy":"product_cat","embeddable":true,"href":"https:\/\/kirby.com.az\/index.php\/wp-json\/wp\/v2\/product_cat?post=16169"},{"taxonomy":"product_tag","embeddable":true,"href":"https:\/\/kirby.com.az\/index.php\/wp-json\/wp\/v2\/product_tag?post=16169"}],"curies":[{"name":"wp","href":"https:\/\/api.w.org\/{rel}","templated":true}]}}