{"id":16272,"date":"2024-02-01T18:52:31","date_gmt":"2024-02-01T18:52:31","guid":{"rendered":"https:\/\/luxelifegroup.az\/?post_type=product&#038;p=16272"},"modified":"2024-04-24T09:21:19","modified_gmt":"2024-04-24T09:21:19","slug":"kirby-avalir-2-2","status":"publish","type":"product","link":"https:\/\/kirby.com.az\/index.php\/product\/kirby-avalir-2-2\/","title":{"rendered":"KIRBY AVALIR 2"},"content":{"rendered":"","protected":false},"excerpt":{"rendered":"<p>ABS-da istehsal olunmu\u015f son Model Kirby, ba\u015fqa tozsoranlar\u0131n saxlad\u0131\u011f\u0131, t\u0259mizl\u0259y\u0259 bilm\u0259diyi kirl\u0259ri v\u0259 tozlar\u0131 yox edir.<\/p>\n<p>\u2022 S\u0259nayed\u0259 -Lider hava ax\u0131n\u0131<br \/>\n\u2022 HEPA Filtrasiya<br \/>\n\u2022 Ekskl\u00fcziv -\u00d6m\u00fcrl\u00fck Yenil\u0259m\u0259 Proqram\u0131<br \/>\n\u2022 Amerika istehsal\u0131<\/p>\n<p><strong>Paket:<\/strong>\u00a0\u018fn son Ev T\u0259mizl\u0259m\u0259 Sistemi<\/p>\n<p>Paket\u0259 daxildir: Kirby Avalir 2, 15 x\u00fcsusi t\u0259mizl\u0259yici \u0259lav\u0259l\u0259r (45 funksiya), \u00e7ox-sethli yerl\u0259rin \u015fampunlama Sistemi, ZippBrush, Turbo Sander, 2ed HEPA Filtr kis\u0259l\u0259ri, \u015fampun.<\/p>\n","protected":false},"featured_media":16273,"comment_status":"closed","ping_status":"closed","template":"","meta":[],"product_cat":[20],"product_tag":[],"class_list":{"0":"post-16272","1":"product","2":"type-product","3":"status-publish","4":"has-post-thumbnail","6":"product_cat-aparatlar","8":"first","9":"instock","10":"shipping-taxable","11":"purchasable","12":"product-type-simple"},"_links":{"self":[{"href":"https:\/\/kirby.com.az\/index.php\/wp-json\/wp\/v2\/product\/16272","targetHints":{"allow":["GET"]}}],"collection":[{"href":"https:\/\/kirby.com.az\/index.php\/wp-json\/wp\/v2\/product"}],"about":[{"href":"https:\/\/kirby.com.az\/index.php\/wp-json\/wp\/v2\/types\/product"}],"replies":[{"embeddable":true,"href":"https:\/\/kirby.com.az\/index.php\/wp-json\/wp\/v2\/comments?post=16272"}],"version-history":[{"count":2,"href":"https:\/\/kirby.com.az\/index.php\/wp-json\/wp\/v2\/product\/16272\/revisions"}],"predecessor-version":[{"id":16409,"href":"https:\/\/kirby.com.az\/index.php\/wp-json\/wp\/v2\/product\/16272\/revisions\/16409"}],"wp:featuredmedia":[{"embeddable":true,"href":"https:\/\/kirby.com.az\/index.php\/wp-json\/wp\/v2\/media\/16273"}],"wp:attachment":[{"href":"https:\/\/kirby.com.az\/index.php\/wp-json\/wp\/v2\/media?parent=16272"}],"wp:term":[{"taxonomy":"product_cat","embeddable":true,"href":"https:\/\/kirby.com.az\/index.php\/wp-json\/wp\/v2\/product_cat?post=16272"},{"taxonomy":"product_tag","embeddable":true,"href":"https:\/\/kirby.com.az\/index.php\/wp-json\/wp\/v2\/product_tag?post=16272"}],"curies":[{"name":"wp","href":"https:\/\/api.w.org\/{rel}","templated":true}]}}